{"id":872,"date":"2022-08-03T00:35:34","date_gmt":"2022-08-02T19:35:34","guid":{"rendered":"https:\/\/powerlightfund.com\/?page_id=872"},"modified":"2022-08-03T01:22:18","modified_gmt":"2022-08-02T20:22:18","slug":"transmission","status":"publish","type":"page","link":"https:\/\/powerlightfund.com\/pt_br\/transmission\/","title":{"rendered":"Energy Transmission"},"content":{"rendered":"<div data-elementor-type=\"wp-page\" data-elementor-id=\"872\" class=\"elementor elementor-872\" data-elementor-post-type=\"page\">\n\t\t\t\t\t\t<section class=\"elementor-section elementor-top-section elementor-element elementor-element-4903602 elementor-section-height-min-height elementor-section-boxed elementor-section-height-default elementor-section-items-middle\" data-id=\"4903602\" data-element_type=\"section\" data-e-type=\"section\">\n\t\t\t\t\t\t<div class=\"elementor-container elementor-column-gap-default\">\n\t\t\t\t\t<div class=\"elementor-column elementor-col-100 elementor-top-column elementor-element elementor-element-91cde3b\" data-id=\"91cde3b\" data-element_type=\"column\" data-e-type=\"column\">\n\t\t\t<div class=\"elementor-widget-wrap elementor-element-populated\">\n\t\t\t\t\t\t<div class=\"elementor-element elementor-element-deaf220 elementor-widget elementor-widget-bdt-advanced-heading\" data-id=\"deaf220\" data-element_type=\"widget\" data-e-type=\"widget\" data-widget_type=\"bdt-advanced-heading.default\">\n\t\t\t\t<div class=\"elementor-widget-container\">\n\t\t\t\t\t<div id =\"deaf220\" class=\"bdt-advanced-heading\" data-settings=\"{&quot;titleMultiColor&quot;:&quot;no&quot;}\"><div class=\"bdt-sub-heading\"><div class=\"bdt-sub-heading-content\">TRANSMISS\u00c3O DE ENERGIA<\/div><div class=\"line bdt-button-icon-align-right\"><\/div><\/div> <h1 class=\"bdt-heading-title\"><span class=\"bdt-main-heading\"><span class=\"bdt-main-heading-inner\">Conduzindo a energia do futuro. <\/span><\/span><\/h1><\/div>\t\t\t\t<\/div>\n\t\t\t\t<\/div>\n\t\t\t\t<div class=\"elementor-element elementor-element-505b8ab elementor-widget elementor-widget-text-editor\" data-id=\"505b8ab\" data-element_type=\"widget\" data-e-type=\"widget\" data-widget_type=\"text-editor.default\">\n\t\t\t\t<div class=\"elementor-widget-container\">\n\t\t\t\t\t\t\t\t\t<p>O segmento de transmiss\u00e3o \u00e9, indiscutivelmente, um dos pilares mais importantes do setor el\u00e9trico, por ser um segmento mais previs\u00edvel, acaba se tornando o mais seguro para investidores, por\u00e9m, \u00e9 necess\u00e1rio ter a experi\u00eancia e aptid\u00e3o de uma empresa s\u00f3lida.<br \/><br \/>N\u00f3s, do Power Light Fund, juntamente com nossos parceiros, desenvolvemos m\u00e9todos diferenciados para identifica\u00e7\u00e3o de investimentos em transmiss\u00e3o que sejam prof\u00edcuos e seguros.<br \/><br \/><br \/>Focamos nossos investimentos em projetos para os leil\u00f5es da ANEEL, assim como na identifica\u00e7\u00e3o de oportunidades de concess\u00f5es j\u00e1 existentes.<\/p>\t\t\t\t\t\t\t\t<\/div>\n\t\t\t\t<\/div>\n\t\t\t\t\t<\/div>\n\t\t<\/div>\n\t\t\t\t\t<\/div>\n\t\t<\/section>\n\t\t\t\t<\/div>","protected":false},"excerpt":{"rendered":"<p>ENERGY TRANSMISSION Driving the energy of the future. The transmission segment is undoubtedly one of the most important pillars of the energy sector. Being a more predictable segment, it presents as the safest opportunity for investors, however, it is essential to have the experience and aptitude of a solid company leading the way. We at&hellip;<\/p>","protected":false},"author":1,"featured_media":0,"parent":0,"menu_order":0,"comment_status":"closed","ping_status":"closed","template":"","meta":{"footnotes":""},"class_list":["post-872","page","type-page","status-publish","hentry"],"_links":{"self":[{"href":"https:\/\/powerlightfund.com\/pt_br\/wp-json\/wp\/v2\/pages\/872","targetHints":{"allow":["GET"]}}],"collection":[{"href":"https:\/\/powerlightfund.com\/pt_br\/wp-json\/wp\/v2\/pages"}],"about":[{"href":"https:\/\/powerlightfund.com\/pt_br\/wp-json\/wp\/v2\/types\/page"}],"author":[{"embeddable":true,"href":"https:\/\/powerlightfund.com\/pt_br\/wp-json\/wp\/v2\/users\/1"}],"replies":[{"embeddable":true,"href":"https:\/\/powerlightfund.com\/pt_br\/wp-json\/wp\/v2\/comments?post=872"}],"version-history":[{"count":15,"href":"https:\/\/powerlightfund.com\/pt_br\/wp-json\/wp\/v2\/pages\/872\/revisions"}],"predecessor-version":[{"id":934,"href":"https:\/\/powerlightfund.com\/pt_br\/wp-json\/wp\/v2\/pages\/872\/revisions\/934"}],"wp:attachment":[{"href":"https:\/\/powerlightfund.com\/pt_br\/wp-json\/wp\/v2\/media?parent=872"}],"curies":[{"name":"wp","href":"https:\/\/api.w.org\/{rel}","templated":true}]}}