{"id":862,"date":"2022-08-03T00:26:18","date_gmt":"2022-08-02T19:26:18","guid":{"rendered":"https:\/\/powerlightfund.com\/?page_id=862"},"modified":"2025-06-04T22:21:15","modified_gmt":"2025-06-04T17:21:15","slug":"oem","status":"publish","type":"page","link":"https:\/\/powerlightfund.com\/pt_br\/oem\/","title":{"rendered":"Operation and Maintenance"},"content":{"rendered":"<div data-elementor-type=\"wp-page\" data-elementor-id=\"862\" class=\"elementor elementor-862\" data-elementor-post-type=\"page\">\n\t\t\t\t\t\t<section class=\"elementor-section elementor-top-section elementor-element elementor-element-1e4122c elementor-section-height-min-height elementor-section-boxed elementor-section-height-default elementor-section-items-middle\" data-id=\"1e4122c\" data-element_type=\"section\" data-e-type=\"section\">\n\t\t\t\t\t\t<div class=\"elementor-container elementor-column-gap-default\">\n\t\t\t\t\t<div class=\"elementor-column elementor-col-100 elementor-top-column elementor-element elementor-element-334e4fb\" data-id=\"334e4fb\" data-element_type=\"column\" data-e-type=\"column\">\n\t\t\t<div class=\"elementor-widget-wrap elementor-element-populated\">\n\t\t\t\t\t\t<div class=\"elementor-element elementor-element-1557c67 elementor-widget elementor-widget-bdt-advanced-heading\" data-id=\"1557c67\" data-element_type=\"widget\" data-e-type=\"widget\" data-widget_type=\"bdt-advanced-heading.default\">\n\t\t\t\t<div class=\"elementor-widget-container\">\n\t\t\t\t\t<div id =\"1557c67\" class=\"bdt-advanced-heading\" data-settings=\"{&quot;titleMultiColor&quot;:&quot;no&quot;}\"><div class=\"bdt-sub-heading\"><div class=\"bdt-sub-heading-content\">O&M<\/div><div class=\"line bdt-button-icon-align-right\"><\/div><\/div> <h1 class=\"bdt-heading-title\"><span class=\"bdt-main-heading\"><span class=\"bdt-main-heading-inner\">Elevamos a Opera\u00e7\u00e3o e Manuten\u00e7\u00e3o para outro patamar<\/span><\/span><\/h1><\/div>\t\t\t\t<\/div>\n\t\t\t\t<\/div>\n\t\t\t\t<div class=\"elementor-element elementor-element-68ab8ce elementor-widget elementor-widget-text-editor\" data-id=\"68ab8ce\" data-element_type=\"widget\" data-e-type=\"widget\" data-widget_type=\"text-editor.default\">\n\t\t\t\t<div class=\"elementor-widget-container\">\n\t\t\t\t\t\t\t\t\t<p>Powerlight Fund group work tirelessly to suppress all the pains in the energy market. While all services are essential, we are always looking to incorporate and expand core activities. One of them is O&amp;M, Operation and Maintenance of power plants.<br \/><br \/><\/p><p>Our O&amp;M area works to improve the performance of equipment and systems, eliminate or reduce energy losses, increase equipment availability, operational safety and reduce the impacts caused by the plant to the environment.<br \/><br \/><\/p><p><strong>We have developed a set of factors to take O&amp;M to another level, including:<\/strong><\/p><ul><li>Proper planning and scheduling of plant maintenance and operation;<\/li><li>Thorough execution of maintenance and operation services;<\/li><li>Monitoring and rigorous analysis of all operational parameters of the plants;<\/li><li>Studies to introduce constant improvements in efficiency and performance processes;<\/li><li>Perform technical diagnostics, in order to identify critical points of energy loss and reduced efficiency of equipment and systems;<\/li><li>Between others.<\/li><\/ul>\t\t\t\t\t\t\t\t<\/div>\n\t\t\t\t<\/div>\n\t\t\t\t\t<\/div>\n\t\t<\/div>\n\t\t\t\t\t<\/div>\n\t\t<\/section>\n\t\t\t\t<\/div>","protected":false},"excerpt":{"rendered":"<p>O&#038;M We took Operation and Maintenance to another level. Powerlight Fund group work tirelessly to suppress all the pains in the energy market. While all services are essential, we are always looking to incorporate and expand core activities. One of them is O&amp;M, Operation and Maintenance of power plants. Our O&amp;M area works to improve&hellip;<\/p>","protected":false},"author":1,"featured_media":0,"parent":0,"menu_order":0,"comment_status":"closed","ping_status":"closed","template":"","meta":{"footnotes":""},"class_list":["post-862","page","type-page","status-publish","hentry"],"_links":{"self":[{"href":"https:\/\/powerlightfund.com\/pt_br\/wp-json\/wp\/v2\/pages\/862","targetHints":{"allow":["GET"]}}],"collection":[{"href":"https:\/\/powerlightfund.com\/pt_br\/wp-json\/wp\/v2\/pages"}],"about":[{"href":"https:\/\/powerlightfund.com\/pt_br\/wp-json\/wp\/v2\/types\/page"}],"author":[{"embeddable":true,"href":"https:\/\/powerlightfund.com\/pt_br\/wp-json\/wp\/v2\/users\/1"}],"replies":[{"embeddable":true,"href":"https:\/\/powerlightfund.com\/pt_br\/wp-json\/wp\/v2\/comments?post=862"}],"version-history":[{"count":38,"href":"https:\/\/powerlightfund.com\/pt_br\/wp-json\/wp\/v2\/pages\/862\/revisions"}],"predecessor-version":[{"id":2091,"href":"https:\/\/powerlightfund.com\/pt_br\/wp-json\/wp\/v2\/pages\/862\/revisions\/2091"}],"wp:attachment":[{"href":"https:\/\/powerlightfund.com\/pt_br\/wp-json\/wp\/v2\/media?parent=862"}],"curies":[{"name":"wp","href":"https:\/\/api.w.org\/{rel}","templated":true}]}}