{"id":853,"date":"2022-08-03T00:18:54","date_gmt":"2022-08-02T19:18:54","guid":{"rendered":"https:\/\/powerlightfund.com\/?page_id=853"},"modified":"2022-08-03T00:46:12","modified_gmt":"2022-08-02T19:46:12","slug":"power-generation","status":"publish","type":"page","link":"https:\/\/powerlightfund.com\/pt_br\/power-generation\/","title":{"rendered":"Power Generation"},"content":{"rendered":"<div data-elementor-type=\"wp-page\" data-elementor-id=\"853\" class=\"elementor elementor-853\" data-elementor-post-type=\"page\">\n\t\t\t\t\t\t<section class=\"elementor-section elementor-top-section elementor-element elementor-element-5f4144b elementor-section-height-min-height elementor-section-boxed elementor-section-height-default elementor-section-items-middle\" data-id=\"5f4144b\" data-element_type=\"section\" data-e-type=\"section\">\n\t\t\t\t\t\t<div class=\"elementor-container elementor-column-gap-default\">\n\t\t\t\t\t<div class=\"elementor-column elementor-col-100 elementor-top-column elementor-element elementor-element-c3a2c57\" data-id=\"c3a2c57\" data-element_type=\"column\" data-e-type=\"column\">\n\t\t\t<div class=\"elementor-widget-wrap elementor-element-populated\">\n\t\t\t\t\t\t<div class=\"elementor-element elementor-element-1906d10 elementor-widget elementor-widget-bdt-advanced-heading\" data-id=\"1906d10\" data-element_type=\"widget\" data-e-type=\"widget\" data-widget_type=\"bdt-advanced-heading.default\">\n\t\t\t\t<div class=\"elementor-widget-container\">\n\t\t\t\t\t<div id =\"1906d10\" class=\"bdt-advanced-heading\" data-settings=\"{&quot;titleMultiColor&quot;:&quot;no&quot;}\"><div class=\"bdt-sub-heading\"><div class=\"bdt-sub-heading-content\">GERA\u00c7\u00c3O DE ENERGIA<\/div><div class=\"line bdt-button-icon-align-right\"><\/div><\/div> <h1 class=\"bdt-heading-title\"><span class=\"bdt-main-heading\"><span class=\"bdt-main-heading-inner\">Gerando energia para um futuro sustent\u00e1vel. <\/span><\/span><\/h1><\/div>\t\t\t\t<\/div>\n\t\t\t\t<\/div>\n\t\t\t\t<div class=\"elementor-element elementor-element-8d3d898 elementor-widget elementor-widget-text-editor\" data-id=\"8d3d898\" data-element_type=\"widget\" data-e-type=\"widget\" data-widget_type=\"text-editor.default\">\n\t\t\t\t<div class=\"elementor-widget-container\">\n\t\t\t\t\t\t\t\t\tSeja na \u00e1gua, na for\u00e7a dos ventos ou no calor do sol, ainda existe um potencial muito grande a ser explorado quando o assunto \u00e9 energia. O Power Light Fund, por meio da sua solidez, incorpora projetos que buscam transformar o futuro com a energia sustent\u00e1vel.<br><br>\nO mundo exige, cada vez mais a sustentabilidade, com isso, buscamos adaptar nossos mecanismos de investimentos estrat\u00e9gicos para acompanhar e potencializar da melhor forma, o desenvolvimento energ\u00e9tico nas am\u00e9ricas.<br><br>\nTemos um board com experiencia em projetos realizados nos Estados Unidos, Brasil, Chile, Col\u00f4mbia, Argentina e Bol\u00edvia, o time tem se empenhado para trazer as melhores solu\u00e7\u00f5es e investimentos, agregando a experi\u00eancia adquirida em anos de trabalho e dedica\u00e7\u00e3o ao setor el\u00e9trico.\n\t\t\t\t\t\t\t\t<\/div>\n\t\t\t\t<\/div>\n\t\t\t\t\t<\/div>\n\t\t<\/div>\n\t\t\t\t\t<\/div>\n\t\t<\/section>\n\t\t\t\t<\/div>","protected":false},"excerpt":{"rendered":"<p>POWER GENERATION Generating energy for a sustainable future. Whether using water, the force of winds or heat of the sun, there is great potential to be explored when it comes to energy. Power Light Fund, through its solidity, incorporates projects that strive to transform the future with sustainable energy. In a world that increasingly demands&hellip;<\/p>","protected":false},"author":1,"featured_media":0,"parent":0,"menu_order":0,"comment_status":"closed","ping_status":"closed","template":"","meta":{"footnotes":""},"class_list":["post-853","page","type-page","status-publish","hentry"],"_links":{"self":[{"href":"https:\/\/powerlightfund.com\/pt_br\/wp-json\/wp\/v2\/pages\/853","targetHints":{"allow":["GET"]}}],"collection":[{"href":"https:\/\/powerlightfund.com\/pt_br\/wp-json\/wp\/v2\/pages"}],"about":[{"href":"https:\/\/powerlightfund.com\/pt_br\/wp-json\/wp\/v2\/types\/page"}],"author":[{"embeddable":true,"href":"https:\/\/powerlightfund.com\/pt_br\/wp-json\/wp\/v2\/users\/1"}],"replies":[{"embeddable":true,"href":"https:\/\/powerlightfund.com\/pt_br\/wp-json\/wp\/v2\/comments?post=853"}],"version-history":[{"count":10,"href":"https:\/\/powerlightfund.com\/pt_br\/wp-json\/wp\/v2\/pages\/853\/revisions"}],"predecessor-version":[{"id":892,"href":"https:\/\/powerlightfund.com\/pt_br\/wp-json\/wp\/v2\/pages\/853\/revisions\/892"}],"wp:attachment":[{"href":"https:\/\/powerlightfund.com\/pt_br\/wp-json\/wp\/v2\/media?parent=853"}],"curies":[{"name":"wp","href":"https:\/\/api.w.org\/{rel}","templated":true}]}}