{"id":475,"date":"2020-10-16T20:13:41","date_gmt":"2020-10-16T23:13:41","guid":{"rendered":"https:\/\/powerlightfund.com\/?page_id=475"},"modified":"2020-10-28T16:27:19","modified_gmt":"2020-10-28T19:27:19","slug":"strategy","status":"publish","type":"page","link":"https:\/\/powerlightfund.com\/pt_br\/strategy\/","title":{"rendered":"Investimento Estrat\u00e9gico"},"content":{"rendered":"<div data-elementor-type=\"wp-page\" data-elementor-id=\"475\" class=\"elementor elementor-475\" data-elementor-post-type=\"page\">\n\t\t\t\t\t\t<section class=\"elementor-section elementor-top-section elementor-element elementor-element-f345676 elementor-section-height-min-height elementor-section-boxed elementor-section-height-default elementor-section-items-middle\" data-id=\"f345676\" data-element_type=\"section\" data-e-type=\"section\">\n\t\t\t\t\t\t<div class=\"elementor-container elementor-column-gap-default\">\n\t\t\t\t\t<div class=\"elementor-column elementor-col-100 elementor-top-column elementor-element elementor-element-e40c802\" data-id=\"e40c802\" data-element_type=\"column\" data-e-type=\"column\">\n\t\t\t<div class=\"elementor-widget-wrap elementor-element-populated\">\n\t\t\t\t\t\t<div class=\"elementor-element elementor-element-35a1c24 elementor-widget elementor-widget-bdt-advanced-heading\" data-id=\"35a1c24\" data-element_type=\"widget\" data-e-type=\"widget\" data-widget_type=\"bdt-advanced-heading.default\">\n\t\t\t\t<div class=\"elementor-widget-container\">\n\t\t\t\t\t<div id =\"35a1c24\" class=\"bdt-advanced-heading\" data-settings=\"{&quot;titleMultiColor&quot;:&quot;no&quot;}\"><div class=\"bdt-sub-heading\"><div class=\"bdt-sub-heading-content\">POL\u00cdTICA DE INVESTIMENTOS<\/div><div class=\"line bdt-button-icon-align-right\"><\/div><\/div> <h2 class=\"bdt-heading-title\"><span class=\"bdt-main-heading\"><span class=\"bdt-main-heading-inner\">Inovando com Estrat\u00e9gia e Energia.<\/span><span class=\"bdt-mainh-split-text\">Temos a miss\u00e3o de gerar resultados, n\u00e3o qualquer um, mas sim os melhores; e os melhores resultados, n\u00e3o podem ser alcan\u00e7ados sem o planejamento estrat\u00e9gico ideal. Com isso, n\u00f3s do Power Light Fund, entramos no mercado com a miss\u00e3o de estabelecer m\u00e9tricas e par\u00e2metros s\u00f3lidos de escolha para proporcionar um retorno de excel\u00eancia para nossos investidores.<\/span><\/span><\/h2><\/div>\t\t\t\t<\/div>\n\t\t\t\t<\/div>\n\t\t\t\t\t<\/div>\n\t\t<\/div>\n\t\t\t\t\t<\/div>\n\t\t<\/section>\n\t\t\t\t<section class=\"elementor-section elementor-top-section elementor-element elementor-element-07add03 elementor-section-height-min-height elementor-section-stretched elementor-section-boxed elementor-section-height-default elementor-section-items-middle\" data-id=\"07add03\" data-element_type=\"section\" data-e-type=\"section\" data-settings=\"{&quot;stretch_section&quot;:&quot;section-stretched&quot;,&quot;background_background&quot;:&quot;classic&quot;}\">\n\t\t\t\t\t\t\t<div class=\"elementor-background-overlay\"><\/div>\n\t\t\t\t\t\t\t<div class=\"elementor-container elementor-column-gap-default\">\n\t\t\t\t\t<div class=\"elementor-column elementor-col-100 elementor-top-column elementor-element elementor-element-ed77bd3\" data-id=\"ed77bd3\" data-element_type=\"column\" data-e-type=\"column\">\n\t\t\t<div class=\"elementor-widget-wrap elementor-element-populated\">\n\t\t\t\t\t\t<div class=\"elementor-element elementor-element-0e0fbfc elementor-widget elementor-widget-bdt-advanced-heading\" data-id=\"0e0fbfc\" data-element_type=\"widget\" data-e-type=\"widget\" data-widget_type=\"bdt-advanced-heading.default\">\n\t\t\t\t<div class=\"elementor-widget-container\">\n\t\t\t\t\t<div id =\"0e0fbfc\" class=\"bdt-advanced-heading\" data-settings=\"{&quot;titleMultiColor&quot;:&quot;no&quot;}\"><div class=\"bdt-advanced-heading-content bdt-visible@m\"><div class=\"bdt-transform-origin-top-left\">POL\u00cdTICA DE INVESTIMENTOS<\/div><\/div><div class=\"bdt-sub-heading\"><div class=\"bdt-sub-heading-content\">Um investimento respons\u00e1vel<\/div><\/div> <h2 class=\"bdt-heading-title\"><span class=\"bdt-main-heading\"><span class=\"bdt-main-heading-inner\">Nosso processo de investimento<\/span><\/span><\/h2><\/div>\t\t\t\t<\/div>\n\t\t\t\t<\/div>\n\t\t\t\t\t<\/div>\n\t\t<\/div>\n\t\t\t\t\t<\/div>\n\t\t<\/section>\n\t\t\t\t<section class=\"elementor-section elementor-top-section elementor-element elementor-element-5f7d662 elementor-section-height-min-height elementor-section-boxed elementor-section-height-default elementor-section-items-middle\" data-id=\"5f7d662\" data-element_type=\"section\" data-e-type=\"section\">\n\t\t\t\t\t\t<div class=\"elementor-container elementor-column-gap-default\">\n\t\t\t\t\t<div class=\"elementor-column elementor-col-100 elementor-top-column elementor-element elementor-element-4ffba31\" data-id=\"4ffba31\" data-element_type=\"column\" data-e-type=\"column\">\n\t\t\t<div class=\"elementor-widget-wrap elementor-element-populated\">\n\t\t\t\t\t\t<div class=\"elementor-element elementor-element-825008b elementor-widget elementor-widget-bdt-fancy-tabs\" data-id=\"825008b\" data-element_type=\"widget\" data-e-type=\"widget\" data-widget_type=\"bdt-fancy-tabs.default\">\n\t\t\t\t<div class=\"elementor-widget-container\">\n\t\t\t\t\t\t\t<div id=\"bdt-fancy-tabs-825008b\" class=\"bdt-fancy-tabs\" data-settings=\"{&quot;tabs_id&quot;:&quot;bdt-fancy-tabs-825008b&quot;,&quot;mouse_event&quot;:&quot;mouseover&quot;}\">\n\t\t\t<div class=\"bdt-grid bdt-flex bdt-flex-middle\">\n\n\t\t\t\t\t\t\t\t\t<div class=\"bdt-width-1-1 bdt-width-1-2@s bdt-flex-center bdt-custom-width\">\n\t\t\t\t\t\t\t\t\t<div data-bdt-fancy-tabs-items=\"connect: #bdt-tab-content-825008b;\">\n\t\t\t\t<div class=\"bdt-grid bdt-grid-large bdt-child-width-1-3 bdt-child-width-1-2@s bdt-child-width-1-3@l\" data-bdt-grid>\n\n\t\t\t\t\t\t\t\t\t\t\t<div>\n\t\t\t\t\t\t\t<div class=\"bdt-fancy-tabs-item active\" data-id=\"bdt-tab-1825008b\">\n\t\t\t\t\t\t\t\t<a class=\"bdt-fancy-tabs-icon-box\" href=\"javascript:void(0);\" data-tab-index=\"0\" >\n\t\n\t\t\t\t\t\t\t\t\t\t\t\t\t\t\t\t\t<span class=\"bdt-icon-wrapper\">\n\t\t\t\t\t\t\t\t\t\t\t\n\t\t\t\t\t\t\t\t\t\t\t<i aria-hidden=\"true\" class=\"fab fa-searchengin\"><\/i>\t\n\t\t\t\t\t\t\t\t\t\t\t\t\t\t\t\t\t\t\t<\/span>\n\t\t\t\t\t\t\t\t\t\n\t\t\t\t\t\t\t\t<\/a>\n\t\t\t\t\t\t\t<\/div>\n\t\t\t\t\t\t<\/div>\n\t\t\t\t\t\t\t\t\t\t\t<div>\n\t\t\t\t\t\t\t<div class=\"bdt-fancy-tabs-item\" data-id=\"bdt-tab-2825008b\">\n\t\t\t\t\t\t\t\t<a class=\"bdt-fancy-tabs-icon-box\" href=\"javascript:void(0);\" data-tab-index=\"1\" >\n\t\n\t\t\t\t\t\t\t\t\t\t\t\t\t\t\t\t\t<span class=\"bdt-icon-wrapper\">\n\t\t\t\t\t\t\t\t\t\t\t\n\t\t\t\t\t\t\t\t\t\t\t<i aria-hidden=\"true\" class=\"fas fa-filter\"><\/i>\t\n\t\t\t\t\t\t\t\t\t\t\t\t\t\t\t\t\t\t\t<\/span>\n\t\t\t\t\t\t\t\t\t\n\t\t\t\t\t\t\t\t<\/a>\n\t\t\t\t\t\t\t<\/div>\n\t\t\t\t\t\t<\/div>\n\t\t\t\t\t\t\t\t\t\t\t<div>\n\t\t\t\t\t\t\t<div class=\"bdt-fancy-tabs-item\" data-id=\"bdt-tab-3825008b\">\n\t\t\t\t\t\t\t\t<a class=\"bdt-fancy-tabs-icon-box\" href=\"javascript:void(0);\" data-tab-index=\"2\" >\n\t\n\t\t\t\t\t\t\t\t\t\t\t\t\t\t\t\t\t<span class=\"bdt-icon-wrapper\">\n\t\t\t\t\t\t\t\t\t\t\t\n\t\t\t\t\t\t\t\t\t\t\t<i aria-hidden=\"true\" class=\"fas fa-search-plus\"><\/i>\t\n\t\t\t\t\t\t\t\t\t\t\t\t\t\t\t\t\t\t\t<\/span>\n\t\t\t\t\t\t\t\t\t\n\t\t\t\t\t\t\t\t<\/a>\n\t\t\t\t\t\t\t<\/div>\n\t\t\t\t\t\t<\/div>\n\t\t\t\t\t\t\t\t\t\t\t<div>\n\t\t\t\t\t\t\t<div class=\"bdt-fancy-tabs-item\" data-id=\"bdt-tab-4825008b\">\n\t\t\t\t\t\t\t\t<a class=\"bdt-fancy-tabs-icon-box\" href=\"javascript:void(0);\" data-tab-index=\"3\" >\n\t\n\t\t\t\t\t\t\t\t\t\t\t\t\t\t\t\t\t<span class=\"bdt-icon-wrapper\">\n\t\t\t\t\t\t\t\t\t\t\t\n\t\t\t\t\t\t\t\t\t\t\t<i aria-hidden=\"true\" class=\"fas fa-gavel\"><\/i>\t\n\t\t\t\t\t\t\t\t\t\t\t\t\t\t\t\t\t\t\t<\/span>\n\t\t\t\t\t\t\t\t\t\n\t\t\t\t\t\t\t\t<\/a>\n\t\t\t\t\t\t\t<\/div>\n\t\t\t\t\t\t<\/div>\n\t\t\t\t\t\t\t\t\t\t\t<div>\n\t\t\t\t\t\t\t<div class=\"bdt-fancy-tabs-item\" data-id=\"bdt-tab-5825008b\">\n\t\t\t\t\t\t\t\t<a class=\"bdt-fancy-tabs-icon-box\" href=\"javascript:void(0);\" data-tab-index=\"4\" >\n\t\n\t\t\t\t\t\t\t\t\t\t\t\t\t\t\t\t\t<span class=\"bdt-icon-wrapper\">\n\t\t\t\t\t\t\t\t\t\t\t\n\t\t\t\t\t\t\t\t\t\t\t<i aria-hidden=\"true\" class=\"far fa-handshake\"><\/i>\t\n\t\t\t\t\t\t\t\t\t\t\t\t\t\t\t\t\t\t\t<\/span>\n\t\t\t\t\t\t\t\t\t\n\t\t\t\t\t\t\t\t<\/a>\n\t\t\t\t\t\t\t<\/div>\n\t\t\t\t\t\t<\/div>\n\t\t\t\t\t\t\t\t\t\t\t<div>\n\t\t\t\t\t\t\t<div class=\"bdt-fancy-tabs-item\" data-id=\"bdt-tab-6825008b\">\n\t\t\t\t\t\t\t\t<a class=\"bdt-fancy-tabs-icon-box\" href=\"javascript:void(0);\" data-tab-index=\"5\" >\n\t\n\t\t\t\t\t\t\t\t\t\t\t\t\t\t\t\t\t<span class=\"bdt-icon-wrapper\">\n\t\t\t\t\t\t\t\t\t\t\t\n\t\t\t\t\t\t\t\t\t\t\t<i aria-hidden=\"true\" class=\"fas fa-file-contract\"><\/i>\t\n\t\t\t\t\t\t\t\t\t\t\t\t\t\t\t\t\t\t\t<\/span>\n\t\t\t\t\t\t\t\t\t\n\t\t\t\t\t\t\t\t<\/a>\n\t\t\t\t\t\t\t<\/div>\n\t\t\t\t\t\t<\/div>\n\t\t\t\t\t\n\t\t\t\t<\/div>\n\t\t\t<\/div>\n\t\t\t\t\t\t\t<\/div>\n\t\t\t\t\t<div class=\"bdt-width-1-1 bdt-width-expand@s\">\n\t\t\t\t\t\t\t\t\t<div class=\"bdt-tab-content-wrapper\">\n\t\t\t\n\t\t\t\t<div id=\"bdt-tab-1825008b\" class=\"bdt-fancy-tabs-content active\">\n\t\t\t\t\t\n\t\t\t\t\t\t\t\t\t\t\t<div class=\"bdt-fancy-tab-sub-title\">\n\t\t\t\t\t\t\tIdentifica\u00e7\u00e3o de oportunidade\t\t\t\t\t\t<\/div>\n\t\t\t\t\t\n\t\t\t\t\t\t\t\t\t\t\t<h1 class=\"bdt-fancy-tab-title\">\n\t\t\t\t\t\t\t1. Oportunidade\t\t\t\t\t\t<\/h1>\n\t\t\t\t\t\n\t\t\t\t\t\t\t\t\t\t\t<div class=\"bdt-fancy-tab-text\">\n\t\t\t\t\t\t\t<p>Com nossa solidez, experi\u00eancia e conhecimento t\u00e9cnico em nosso board, estudamos a conjuntura e principais tend\u00eancias do mercado de energia em uma analise macro e micro econ\u00f4mica, visando a identifica\u00e7\u00e3o das melhores oportunidades investimentos.<\/p>\t\t\t\t\t\t<\/div>\n\t\t\t\t\t\n\t\t\t\t\t \n\t\t\t\t<\/div>\n\t\t\t\n\t\t\t\t<div id=\"bdt-tab-2825008b\" class=\"bdt-fancy-tabs-content\">\n\t\t\t\t\t\n\t\t\t\t\t\t\t\t\t\t\t<div class=\"bdt-fancy-tab-sub-title\">\n\t\t\t\t\t\t\tSele\u00e7\u00e3o de investimento\t\t\t\t\t\t<\/div>\n\t\t\t\t\t\n\t\t\t\t\t\t\t\t\t\t\t<h1 class=\"bdt-fancy-tab-title\">\n\t\t\t\t\t\t\t2. Sele\u00e7\u00e3o\t\t\t\t\t\t<\/h1>\n\t\t\t\t\t\n\t\t\t\t\t\t\t\t\t\t\t<div class=\"bdt-fancy-tab-text\">\n\t\t\t\t\t\t\t<p>Com uma equipe experiente e preparada, criamos um processo minucioso para selecionar as oportunidades com excel\u00eancia.<\/p><ul><li>Consideramos os m\u00e9ritos e riscos da oportunidade;<\/li><li>Analisamos a faixa esperada de retorno;<\/li><li>Avaliamos o impacto prov\u00e1vel que o investimento ter\u00e1 na carteira.<\/li><\/ul><p>Todas as oportunidades ter\u00e3o uma nota de avalia\u00e7\u00e3o, as que forem mais atrativas, ou seja, apresentarem os melhores retornos ajustados ao risco, s\u00e3o apresentadas ao subcomit\u00ea de investimentos para considera\u00e7\u00e3o.<\/p>\t\t\t\t\t\t<\/div>\n\t\t\t\t\t\n\t\t\t\t\t \n\t\t\t\t<\/div>\n\t\t\t\n\t\t\t\t<div id=\"bdt-tab-3825008b\" class=\"bdt-fancy-tabs-content\">\n\t\t\t\t\t\n\t\t\t\t\t\t\t\t\t\t\t<div class=\"bdt-fancy-tab-sub-title\">\n\t\t\t\t\t\t\tDue Diligence\t\t\t\t\t\t<\/div>\n\t\t\t\t\t\n\t\t\t\t\t\t\t\t\t\t\t<h1 class=\"bdt-fancy-tab-title\">\n\t\t\t\t\t\t\t3. Dilig\u00eancia Pr\u00e9via\t\t\t\t\t\t<\/h1>\n\t\t\t\t\t\n\t\t\t\t\t\t\t\t\t\t\t<div class=\"bdt-fancy-tab-text\">\n\t\t\t\t\t\t\t<p>Para um fundo de investimento ser seguro, ele precisa ter um processo de Due Diligence rigoroso.<\/p><p>Pensando nisto, n\u00f3s do Power Light Fund, incorporamos este processo como um dos principais na tomada de decis\u00e3o para um investimento em potencial.<\/p><p>Nossa equipe de investimentos, com conhecimento adquirido na pr\u00e1tica, busca identificar e avaliar com precis\u00e3o os requisitos exigidos, os potenciais riscos associados as oportunidades e os retornos esperados, al\u00e9m de analisar as considera\u00e7\u00f5es legais e fiscais.<\/p>\t\t\t\t\t\t<\/div>\n\t\t\t\t\t\n\t\t\t\t\t \n\t\t\t\t<\/div>\n\t\t\t\n\t\t\t\t<div id=\"bdt-tab-4825008b\" class=\"bdt-fancy-tabs-content\">\n\t\t\t\t\t\n\t\t\t\t\t\t\t\t\t\t\t<div class=\"bdt-fancy-tab-sub-title\">\n\t\t\t\t\t\t\tTomada de decis\u00e3o\t\t\t\t\t\t<\/div>\n\t\t\t\t\t\n\t\t\t\t\t\t\t\t\t\t\t<h1 class=\"bdt-fancy-tab-title\">\n\t\t\t\t\t\t\t4. Decis\u00e3o\t\t\t\t\t\t<\/h1>\n\t\t\t\t\t\n\t\t\t\t\t\t\t\t\t\t\t<div class=\"bdt-fancy-tab-text\">\n\t\t\t\t\t\t\t<p>Nosso comit\u00ea de investimento, conforme necess\u00e1rio, analisa as recomenda\u00e7\u00f5es de investimento para aprova\u00e7\u00e3o.<\/p><p>As propostas de investimento, juntamente com uma avalia\u00e7\u00e3o dos m\u00e9ritos do neg\u00f3cio e seu impacto no portf\u00f3lio de infraestrutura, s\u00e3o apresentados aos comit\u00eas do processo de Due Dilligence para avalia\u00e7\u00e3o final e incorpora\u00e7\u00e3o do projeto.<\/p>\t\t\t\t\t\t<\/div>\n\t\t\t\t\t\n\t\t\t\t\t \n\t\t\t\t<\/div>\n\t\t\t\n\t\t\t\t<div id=\"bdt-tab-5825008b\" class=\"bdt-fancy-tabs-content\">\n\t\t\t\t\t\n\t\t\t\t\t\t\t\t\t\t\t<div class=\"bdt-fancy-tab-sub-title\">\n\t\t\t\t\t\t\tGest\u00e3o de investimento cont\u00ednuo\t\t\t\t\t\t<\/div>\n\t\t\t\t\t\n\t\t\t\t\t\t\t\t\t\t\t<h1 class=\"bdt-fancy-tab-title\">\n\t\t\t\t\t\t\t5. Gest\u00e3o\t\t\t\t\t\t<\/h1>\n\t\t\t\t\t\n\t\t\t\t\t\t\t\t\t\t\t<div class=\"bdt-fancy-tab-text\">\n\t\t\t\t\t\t\t<p>Em nossa abordagem, o bom  gerenciamento dos ativos s\u00e3o essenciais para uma administra\u00e7\u00e3o de excel\u00eancia.<\/p><p>Ap\u00f3s os processos de recomenda\u00e7\u00e3o de investimento, inclu\u00edmos um plano de neg\u00f3cios que detalha todas as considera\u00e7\u00f5es estrat\u00e9gicas, financeiras e operacionais, tudo isso para garantir uma supervis\u00e3o segura das transa\u00e7\u00f5es e opera\u00e7\u00f5es.<\/p>\t\t\t\t\t\t<\/div>\n\t\t\t\t\t\n\t\t\t\t\t \n\t\t\t\t<\/div>\n\t\t\t\n\t\t\t\t<div id=\"bdt-tab-6825008b\" class=\"bdt-fancy-tabs-content\">\n\t\t\t\t\t\n\t\t\t\t\t\t\t\t\t\t\t<div class=\"bdt-fancy-tab-sub-title\">\n\t\t\t\t\t\t\tRevis\u00e3o detalhada\t\t\t\t\t\t<\/div>\n\t\t\t\t\t\n\t\t\t\t\t\t\t\t\t\t\t<h1 class=\"bdt-fancy-tab-title\">\n\t\t\t\t\t\t\t6. Revis\u00e3o\t\t\t\t\t\t<\/h1>\n\t\t\t\t\t\n\t\t\t\t\t\t\t\t\t\t\t<div class=\"bdt-fancy-tab-text\">\n\t\t\t\t\t\t\t<p>Ap\u00f3s o neg\u00f3cio fechado, criamos relat\u00f3rios com um hist\u00f3rico detalhado das informa\u00e7\u00f5es da oportunidade e processo de investimento, para uma melhoria cont\u00ednua. Buscamos feedback, avaliamos perdas e ganhos e incorporamos o aprendizado para as novas oportunidades.<\/p>\t\t\t\t\t\t<\/div>\n\t\t\t\t\t\n\t\t\t\t\t \n\t\t\t\t<\/div>\n\t\t\t\t\t\t<\/div>\n\n\t\t\t\t\t\t\t<\/div>\n\t\t\t\t\n\t\t\t\t\n\t\t\t<\/div>\n\n\t\t\t\n\t\t<\/div>\n\n\t\t\t\t\t\t<\/div>\n\t\t\t\t<\/div>\n\t\t\t\t\t<\/div>\n\t\t<\/div>\n\t\t\t\t\t<\/div>\n\t\t<\/section>\n\t\t\t\t<\/div>","protected":false},"excerpt":{"rendered":"<p>INVESTMENTS Innovating in Strategy and with Energy.We have a mission to generate results and the best outcome cannot be achieved without the ideal strategic plan. With that, we from the Power Light Fund, entered the market with the mission of establishing solid metrics and parameters to analyze the opportunities and provide excellent returns to our&hellip;<\/p>","protected":false},"author":1,"featured_media":0,"parent":0,"menu_order":0,"comment_status":"closed","ping_status":"closed","template":"","meta":{"footnotes":""},"class_list":["post-475","page","type-page","status-publish","hentry"],"_links":{"self":[{"href":"https:\/\/powerlightfund.com\/pt_br\/wp-json\/wp\/v2\/pages\/475","targetHints":{"allow":["GET"]}}],"collection":[{"href":"https:\/\/powerlightfund.com\/pt_br\/wp-json\/wp\/v2\/pages"}],"about":[{"href":"https:\/\/powerlightfund.com\/pt_br\/wp-json\/wp\/v2\/types\/page"}],"author":[{"embeddable":true,"href":"https:\/\/powerlightfund.com\/pt_br\/wp-json\/wp\/v2\/users\/1"}],"replies":[{"embeddable":true,"href":"https:\/\/powerlightfund.com\/pt_br\/wp-json\/wp\/v2\/comments?post=475"}],"version-history":[{"count":33,"href":"https:\/\/powerlightfund.com\/pt_br\/wp-json\/wp\/v2\/pages\/475\/revisions"}],"predecessor-version":[{"id":715,"href":"https:\/\/powerlightfund.com\/pt_br\/wp-json\/wp\/v2\/pages\/475\/revisions\/715"}],"wp:attachment":[{"href":"https:\/\/powerlightfund.com\/pt_br\/wp-json\/wp\/v2\/media?parent=475"}],"curies":[{"name":"wp","href":"https:\/\/api.w.org\/{rel}","templated":true}]}}