{"id":363,"date":"2020-10-14T19:26:37","date_gmt":"2020-10-14T22:26:37","guid":{"rendered":"https:\/\/powerlightfund.com\/?page_id=363"},"modified":"2021-12-18T21:27:39","modified_gmt":"2021-12-18T16:27:39","slug":"board","status":"publish","type":"page","link":"https:\/\/powerlightfund.com\/pt_br\/board\/","title":{"rendered":"Board"},"content":{"rendered":"<div data-elementor-type=\"wp-page\" data-elementor-id=\"363\" class=\"elementor elementor-363\" data-elementor-post-type=\"page\">\n\t\t\t\t\t\t<section class=\"elementor-section elementor-top-section elementor-element elementor-element-11cfd1f elementor-section-boxed elementor-section-height-default elementor-section-height-default\" data-id=\"11cfd1f\" data-element_type=\"section\" data-e-type=\"section\">\n\t\t\t\t\t\t<div class=\"elementor-container elementor-column-gap-default\">\n\t\t\t\t\t<div class=\"elementor-column elementor-col-100 elementor-top-column elementor-element elementor-element-23fa2b9\" data-id=\"23fa2b9\" data-element_type=\"column\" data-e-type=\"column\">\n\t\t\t<div class=\"elementor-widget-wrap elementor-element-populated\">\n\t\t\t\t\t\t<div class=\"elementor-element elementor-element-d89be9d elementor-widget elementor-widget-bdt-advanced-heading\" data-id=\"d89be9d\" data-element_type=\"widget\" data-e-type=\"widget\" data-widget_type=\"bdt-advanced-heading.default\">\n\t\t\t\t<div class=\"elementor-widget-container\">\n\t\t\t\t\t<div id =\"d89be9d\" class=\"bdt-advanced-heading\" data-settings=\"{&quot;titleMultiColor&quot;:&quot;no&quot;}\"><div class=\"bdt-sub-heading\"><div class=\"bdt-sub-heading-content\">BOARD<\/div><div class=\"line bdt-button-icon-align-right\"><\/div><\/div> <h1 class=\"bdt-heading-title\"><span class=\"bdt-main-heading\"><span class=\"bdt-main-heading-inner\">Um time de sucesso. <\/span><span class=\"bdt-mainh-split-text\">Para um fundo ter sucesso, \u00e9 necess\u00e1rio um board experiente e multidisciplinar, e n\u00f3s do Power Light Fund, nos orgulhamos em trabalhar com uma equipe dedicada e pronta para qualquer desafio, unimos um time de especialistas experientes e com conhecimento t\u00e9cnico, para mitigar os riscos e trazer a certeza dos melhores investimentos em energia.<\/span><\/span><\/h1><\/div>\t\t\t\t<\/div>\n\t\t\t\t<\/div>\n\t\t\t\t\t<\/div>\n\t\t<\/div>\n\t\t\t\t\t<\/div>\n\t\t<\/section>\n\t\t\t\t<section class=\"elementor-section elementor-top-section elementor-element elementor-element-c8a470f elementor-section-boxed elementor-section-height-default elementor-section-height-default\" data-id=\"c8a470f\" data-element_type=\"section\" data-e-type=\"section\">\n\t\t\t\t\t\t<div class=\"elementor-container elementor-column-gap-default\">\n\t\t\t\t\t<div class=\"elementor-column elementor-col-100 elementor-top-column elementor-element elementor-element-30a0136\" data-id=\"30a0136\" data-element_type=\"column\" data-e-type=\"column\">\n\t\t\t<div class=\"elementor-widget-wrap elementor-element-populated\">\n\t\t\t\t\t\t<section class=\"elementor-section elementor-inner-section elementor-element elementor-element-3ad8d83 elementor-section-boxed elementor-section-height-default elementor-section-height-default\" data-id=\"3ad8d83\" data-element_type=\"section\" data-e-type=\"section\">\n\t\t\t\t\t\t<div class=\"elementor-container elementor-column-gap-default\">\n\t\t\t\t\t<div class=\"elementor-column elementor-col-20 elementor-inner-column elementor-element elementor-element-2811540\" data-id=\"2811540\" data-element_type=\"column\" data-e-type=\"column\">\n\t\t\t<div class=\"elementor-widget-wrap elementor-element-populated\">\n\t\t\t\t\t\t<div class=\"elementor-element elementor-element-249f3a6 elementor-widget elementor-widget-bdt-member\" data-id=\"249f3a6\" data-element_type=\"widget\" data-e-type=\"widget\" data-widget_type=\"bdt-member.bdt-band\">\n\t\t\t\t<div class=\"elementor-widget-container\">\n\t\t\t\t\t\r\n\t\t<div class=\"bdt-member bdt-member-skin-band bdt-transition-toggle\">\t\r\n            <div class=\"bdt-member-item-wrapper\">\r\n                    \r\n                    <div class=\"bdt-member-photo-wrapper bdt-image-mask\">\r\n    \r\n                            \r\n                        <div class=\"bdt-member-photo\">\r\n                            <div class=\"bdt-transition-scale-up\">\r\n                                <img decoding=\"async\" src=\"https:\/\/powerlightfund.com\/wp-content\/uploads\/2020\/11\/ranzoni.jpg\" title=\"ranzoni\" alt=\"ranzoni\" loading=\"lazy\" \/>                            <\/div>\r\n                        <\/div>\r\n    \r\n                                                \r\n                                                <div class=\"bdt-member-icons\">\r\n                                                            \r\n                                <a href=\"https:\/\/www.linkedin.com\/in\/ranzoni\/\" class=\"bdt-member-icon elementor-repeater-item-48e1924\" target=\"_blank\" title=\"Linkedin\" data-bdt-tooltip rel=\"noopener\">\r\n    \r\n                                    <i aria-hidden=\"true\" class=\"fa-fw fab fa-linkedin-in\"><\/i>    \r\n                                <\/a>\r\n                                                    <\/div>\r\n                            \r\n                    <\/div>\r\n                                \r\n                <div class=\"bdt-member-description\">\r\n                                            <span class=\"bdt-member-name\">Breno Ranzoni<\/span>\r\n                                                                            <\/div>\r\n            <\/div>\r\n\t\t<\/div>\r\n\t\t\t\t\t\t<\/div>\n\t\t\t\t<\/div>\n\t\t\t\t\t<\/div>\n\t\t<\/div>\n\t\t\t\t<div class=\"elementor-column elementor-col-20 elementor-inner-column elementor-element elementor-element-719b6b1\" data-id=\"719b6b1\" data-element_type=\"column\" data-e-type=\"column\">\n\t\t\t<div class=\"elementor-widget-wrap elementor-element-populated\">\n\t\t\t\t\t\t<div class=\"elementor-element elementor-element-4c19ced elementor-widget elementor-widget-bdt-member\" data-id=\"4c19ced\" data-element_type=\"widget\" data-e-type=\"widget\" data-widget_type=\"bdt-member.bdt-band\">\n\t\t\t\t<div class=\"elementor-widget-container\">\n\t\t\t\t\t\r\n\t\t<div class=\"bdt-member bdt-member-skin-band bdt-transition-toggle\">\t\r\n            <div class=\"bdt-member-item-wrapper\">\r\n                    \r\n                    <div class=\"bdt-member-photo-wrapper bdt-image-mask\">\r\n    \r\n                            \r\n                        <div class=\"bdt-member-photo\">\r\n                            <div class=\"bdt-transition-scale-up\">\r\n                                <img decoding=\"async\" src=\"https:\/\/powerlightfund.com\/wp-content\/uploads\/2020\/11\/eduardo2.jpg\" title=\"Eduardo Karrer\" alt=\"Eduardo Karrer\" loading=\"lazy\" \/>                            <\/div>\r\n                        <\/div>\r\n    \r\n                                                \r\n                                                <div class=\"bdt-member-icons\">\r\n                                                            \r\n                                <a href=\"https:\/\/www.linkedin.com\/in\/eduardokarrer\/\" class=\"bdt-member-icon elementor-repeater-item-48e1924\" target=\"_blank\" title=\"Linkedin\" data-bdt-tooltip rel=\"noopener\">\r\n    \r\n                                    <i aria-hidden=\"true\" class=\"fa-fw fab fa-linkedin-in\"><\/i>    \r\n                                <\/a>\r\n                                                    <\/div>\r\n                            \r\n                    <\/div>\r\n                                \r\n                <div class=\"bdt-member-description\">\r\n                                            <span class=\"bdt-member-name\">Eduardo Karrer<\/span>\r\n                                                                            <\/div>\r\n            <\/div>\r\n\t\t<\/div>\r\n\t\t\t\t\t\t<\/div>\n\t\t\t\t<\/div>\n\t\t\t\t\t<\/div>\n\t\t<\/div>\n\t\t\t\t<div class=\"elementor-column elementor-col-20 elementor-inner-column elementor-element elementor-element-90e427c\" data-id=\"90e427c\" data-element_type=\"column\" data-e-type=\"column\">\n\t\t\t<div class=\"elementor-widget-wrap elementor-element-populated\">\n\t\t\t\t\t\t<div class=\"elementor-element elementor-element-8d2ae36 elementor-widget elementor-widget-bdt-member\" data-id=\"8d2ae36\" data-element_type=\"widget\" data-e-type=\"widget\" data-widget_type=\"bdt-member.bdt-band\">\n\t\t\t\t<div class=\"elementor-widget-container\">\n\t\t\t\t\t\r\n\t\t<div class=\"bdt-member bdt-member-skin-band bdt-transition-toggle\">\t\r\n            <div class=\"bdt-member-item-wrapper\">\r\n                    \r\n                    <div class=\"bdt-member-photo-wrapper bdt-image-mask\">\r\n    \r\n                            \r\n                        <div class=\"bdt-member-photo\">\r\n                            <div class=\"bdt-transition-scale-up\">\r\n                                <img decoding=\"async\" src=\"https:\/\/powerlightfund.com\/wp-content\/uploads\/2020\/11\/hugo1.jpg\" title=\"Hugo Del Priori\" alt=\"Hugo Del Priori\" loading=\"lazy\" \/>                            <\/div>\r\n                        <\/div>\r\n    \r\n                                                \r\n                                                <div class=\"bdt-member-icons\">\r\n                                                            \r\n                                <a href=\"https:\/\/www.linkedin.com\/in\/hugodelpriore\/\" class=\"bdt-member-icon elementor-repeater-item-48e1924\" target=\"_blank\" title=\"Linkedin\" data-bdt-tooltip rel=\"noopener\">\r\n    \r\n                                    <i aria-hidden=\"true\" class=\"fa-fw fab fa-linkedin-in\"><\/i>    \r\n                                <\/a>\r\n                                                    <\/div>\r\n                            \r\n                    <\/div>\r\n                                \r\n                <div class=\"bdt-member-description\">\r\n                                            <span class=\"bdt-member-name\">Hugo Del Priore<\/span>\r\n                                                                            <\/div>\r\n            <\/div>\r\n\t\t<\/div>\r\n\t\t\t\t\t\t<\/div>\n\t\t\t\t<\/div>\n\t\t\t\t\t<\/div>\n\t\t<\/div>\n\t\t\t\t<div class=\"elementor-column elementor-col-20 elementor-inner-column elementor-element elementor-element-8439371\" data-id=\"8439371\" data-element_type=\"column\" data-e-type=\"column\">\n\t\t\t<div class=\"elementor-widget-wrap elementor-element-populated\">\n\t\t\t\t\t\t<div class=\"elementor-element elementor-element-f21221c elementor-widget elementor-widget-bdt-member\" data-id=\"f21221c\" data-element_type=\"widget\" data-e-type=\"widget\" data-widget_type=\"bdt-member.bdt-band\">\n\t\t\t\t<div class=\"elementor-widget-container\">\n\t\t\t\t\t\r\n\t\t<div class=\"bdt-member bdt-member-skin-band bdt-transition-toggle\">\t\r\n            <div class=\"bdt-member-item-wrapper\">\r\n                    \r\n                    <div class=\"bdt-member-photo-wrapper bdt-image-mask\">\r\n    \r\n                            \r\n                        <div class=\"bdt-member-photo\">\r\n                            <div class=\"bdt-transition-scale-up\">\r\n                                <img decoding=\"async\" src=\"https:\/\/powerlightfund.com\/wp-content\/uploads\/2020\/10\/robert2.jpg\" title=\"robert2\" alt=\"Robert\" loading=\"lazy\" \/>                            <\/div>\r\n                        <\/div>\r\n    \r\n                                                \r\n                                                <div class=\"bdt-member-icons\">\r\n                                                            \r\n                                <a href=\"https:\/\/www.linkedin.com\/in\/robert-sherman-a57b915\/\" class=\"bdt-member-icon elementor-repeater-item-48e1924\" target=\"_blank\" title=\"Linkedin\" data-bdt-tooltip rel=\"noopener\">\r\n    \r\n                                    <i aria-hidden=\"true\" class=\"fa-fw fab fa-linkedin-in\"><\/i>    \r\n                                <\/a>\r\n                                                    <\/div>\r\n                            \r\n                    <\/div>\r\n                                \r\n                <div class=\"bdt-member-description\">\r\n                                            <span class=\"bdt-member-name\">Robert Sherman<\/span>\r\n                                                                            <\/div>\r\n            <\/div>\r\n\t\t<\/div>\r\n\t\t\t\t\t\t<\/div>\n\t\t\t\t<\/div>\n\t\t\t\t\t<\/div>\n\t\t<\/div>\n\t\t\t\t<div class=\"elementor-column elementor-col-20 elementor-inner-column elementor-element elementor-element-42c533b\" data-id=\"42c533b\" data-element_type=\"column\" data-e-type=\"column\">\n\t\t\t<div class=\"elementor-widget-wrap elementor-element-populated\">\n\t\t\t\t\t\t<div class=\"elementor-element elementor-element-591aa10 elementor-widget elementor-widget-bdt-member\" data-id=\"591aa10\" data-element_type=\"widget\" data-e-type=\"widget\" data-widget_type=\"bdt-member.bdt-band\">\n\t\t\t\t<div class=\"elementor-widget-container\">\n\t\t\t\t\t\r\n\t\t<div class=\"bdt-member bdt-member-skin-band bdt-transition-toggle\">\t\r\n            <div class=\"bdt-member-item-wrapper\">\r\n                    \r\n                    <div class=\"bdt-member-photo-wrapper bdt-image-mask\">\r\n    \r\n                            \r\n                        <div class=\"bdt-member-photo\">\r\n                            <div class=\"bdt-transition-scale-up\">\r\n                                <img decoding=\"async\" src=\"https:\/\/powerlightfund.com\/wp-content\/uploads\/2021\/12\/xistovieira.jpg\" title=\"xistovieira\" alt=\"xistovieira\" loading=\"lazy\" \/>                            <\/div>\r\n                        <\/div>\r\n    \r\n                                                \r\n                                                <div class=\"bdt-member-icons\">\r\n                                                            \r\n                                <a href=\"http:\/\/linkedin.com\/in\/xisto-vieira-94826b1b4\" class=\"bdt-member-icon elementor-repeater-item-48e1924\" target=\"_blank\" title=\"Linkedin\" data-bdt-tooltip rel=\"noopener\">\r\n    \r\n                                    <i aria-hidden=\"true\" class=\"fa-fw fab fa-linkedin-in\"><\/i>    \r\n                                <\/a>\r\n                                                    <\/div>\r\n                            \r\n                    <\/div>\r\n                                \r\n                <div class=\"bdt-member-description\">\r\n                                            <span class=\"bdt-member-name\">Xisto Vieira<\/span>\r\n                                                                            <\/div>\r\n            <\/div>\r\n\t\t<\/div>\r\n\t\t\t\t\t\t<\/div>\n\t\t\t\t<\/div>\n\t\t\t\t\t<\/div>\n\t\t<\/div>\n\t\t\t\t\t<\/div>\n\t\t<\/section>\n\t\t\t\t\t<\/div>\n\t\t<\/div>\n\t\t\t\t\t<\/div>\n\t\t<\/section>\n\t\t\t\t<\/div>","protected":false},"excerpt":{"rendered":"<p>BOARD A successful team. For a fund to be successful, an experienced and multidisciplinary board is required, and we at the Power Light Fund are proud to work with a dedicated team ready for any challenge. We count on a team of experienced experts with technical knowledge, to mitigate risks and bring precision to our&hellip;<\/p>","protected":false},"author":1,"featured_media":0,"parent":0,"menu_order":0,"comment_status":"closed","ping_status":"closed","template":"","meta":{"footnotes":""},"class_list":["post-363","page","type-page","status-publish","hentry"],"_links":{"self":[{"href":"https:\/\/powerlightfund.com\/pt_br\/wp-json\/wp\/v2\/pages\/363","targetHints":{"allow":["GET"]}}],"collection":[{"href":"https:\/\/powerlightfund.com\/pt_br\/wp-json\/wp\/v2\/pages"}],"about":[{"href":"https:\/\/powerlightfund.com\/pt_br\/wp-json\/wp\/v2\/types\/page"}],"author":[{"embeddable":true,"href":"https:\/\/powerlightfund.com\/pt_br\/wp-json\/wp\/v2\/users\/1"}],"replies":[{"embeddable":true,"href":"https:\/\/powerlightfund.com\/pt_br\/wp-json\/wp\/v2\/comments?post=363"}],"version-history":[{"count":49,"href":"https:\/\/powerlightfund.com\/pt_br\/wp-json\/wp\/v2\/pages\/363\/revisions"}],"predecessor-version":[{"id":804,"href":"https:\/\/powerlightfund.com\/pt_br\/wp-json\/wp\/v2\/pages\/363\/revisions\/804"}],"wp:attachment":[{"href":"https:\/\/powerlightfund.com\/pt_br\/wp-json\/wp\/v2\/media?parent=363"}],"curies":[{"name":"wp","href":"https:\/\/api.w.org\/{rel}","templated":true}]}}