{"id":337,"date":"2020-10-13T10:13:01","date_gmt":"2020-10-13T13:13:01","guid":{"rendered":"https:\/\/powerlightfund.com\/?page_id=337"},"modified":"2020-10-28T16:04:24","modified_gmt":"2020-10-28T19:04:24","slug":"pl-news","status":"publish","type":"page","link":"https:\/\/powerlightfund.com\/pt_br\/pl-news\/","title":{"rendered":"PL News"},"content":{"rendered":"<div data-elementor-type=\"wp-page\" data-elementor-id=\"337\" class=\"elementor elementor-337\" data-elementor-post-type=\"page\">\n\t\t\t\t\t\t<section class=\"elementor-section elementor-top-section elementor-element elementor-element-4bcbd09 elementor-section-boxed elementor-section-height-default elementor-section-height-default\" data-id=\"4bcbd09\" data-element_type=\"section\" data-e-type=\"section\">\n\t\t\t\t\t\t<div class=\"elementor-container elementor-column-gap-default\">\n\t\t\t\t\t<div class=\"elementor-column elementor-col-100 elementor-top-column elementor-element elementor-element-2a52ad3\" data-id=\"2a52ad3\" data-element_type=\"column\" data-e-type=\"column\">\n\t\t\t<div class=\"elementor-widget-wrap elementor-element-populated\">\n\t\t\t\t\t\t<div class=\"elementor-element elementor-element-2ec6b79 elementor-widget elementor-widget-bdt-news-ticker\" data-id=\"2ec6b79\" data-element_type=\"widget\" data-e-type=\"widget\" data-widget_type=\"bdt-news-ticker.default\">\n\t\t\t\t<div class=\"elementor-widget-container\">\n\t\t\t\t\t\t\t<div id=\"newsTicker1\" class=\"bdt-news-ticker\" data-settings=\"{&quot;effect&quot;:&quot;scroll&quot;,&quot;autoPlay&quot;:true,&quot;interval&quot;:5000,&quot;pauseOnHover&quot;:true,&quot;scrollSpeed&quot;:1}\">\n\t\t\t\t\t    \t<div class=\"bdt-news-ticker-label\">\n\t\t\t\t\t<div class=\"bdt-news-ticker-label-inner\">\n\t\t\t\t\t\tBREAKING NEWS\t    \t\t\t<\/div>\n\t    \t\t<\/div>\n\t\t    \t\t    <div class=\"bdt-news-ticker-content\">\n\t\t        <ul>\n\t\t\t\t<li class=\"bdt-news-ticker-item\">\n\t\t\t\n\n\t\t\t\t\t\t\t\t\t\n\t\t<a href=\"https:\/\/powerlightfund.com\/pt_br\/government-of-sp-and-emae-open-call-for-floating-solar-at-billings\/\">\n\t\t\t\n\t\t\t\n\t\t\tGovernment of SP and Emae open call for floating solar at Billings\t\t<\/a>\n\t\t\t\t\t\t\n\t\t\t\t\n\t\t\t\n\t\t<\/li>\n\t\t\t\t<li class=\"bdt-news-ticker-item\">\n\t\t\t\n\n\t\t\t\t\t\t\t\t\t\n\t\t<a href=\"https:\/\/powerlightfund.com\/pt_br\/northeast-of-brazil-generates-record-wind-energy-production-and-has-enough-to-supply-the-entire-region\/\">\n\t\t\t\n\t\t\t\n\t\t\tNortheast of Brazil generates record wind energy production and has enough to supply the entire region\t\t<\/a>\n\t\t\t\t\t\t\n\t\t\t\t\n\t\t\t\n\t\t<\/li>\n\t\t\t\t<li class=\"bdt-news-ticker-item\">\n\t\t\t\n\n\t\t\t\t\t\t\t\t\t\n\t\t<a href=\"https:\/\/powerlightfund.com\/pt_br\/brazil-is-ranked-second-in-renewable-investment-ranking\/\">\n\t\t\t\n\t\t\t\n\t\t\tBrazil is ranked second in renewable investment ranking\t\t<\/a>\n\t\t\t\t\t\t\n\t\t\t\t\n\t\t\t\n\t\t<\/li>\n\t\t\n\n\t\t        <\/ul>\n\t\t    <\/div>\n\t\t    \t\t    <div class=\"bdt-news-ticker-controls bdt-news-ticker-navigation\">\n\n\t\t        <button class=\"bdt-visible@m\">\n\t\t        \t<span class=\"bdt-news-ticker-arrow bdt-news-ticker-prev bdt-icon\">\n\t\t        \t\t<svg width=\"20\" height=\"20\" viewbox=\"0 0 20 20\" xmlns=\"http:\/\/www.w3.org\/2000\/svg\" data-svg=\"chevron-left\">\n\t\t        \t\t\t<polyline fill=\"none\" stroke=\"#000\" stroke-width=\"1.03\" points=\"13 16 7 10 13 4\"><\/polyline>\n\t\t        \t\t<\/svg>\n\t\t        \t<\/span>\n\t\t        <\/button>\n\n\t\t        \t\t        <button class=\"bdt-visible@m\">\n\t\t        \t<span class=\"bdt-news-ticker-action bdt-icon\">\n\t\t        \t\t<svg width=\"20\" height=\"20\" viewbox=\"0 0 20 20\" xmlns=\"http:\/\/www.w3.org\/2000\/svg\" data-svg=\"play\" class=\"bdt-news-ticker-play-pause\">\n\t\t        \t\t\t<polygon fill=\"none\" stroke=\"#000\" points=\"4.9,3 16.1,10 4.9,17 \"><\/polygon>\n\n\t\t        \t\t\t<rect x=\"6\" y=\"2\" width=\"1\" height=\"16\"\/>\n\t\t\t\t\t\t\t<rect x=\"13\" y=\"2\" width=\"1\" height=\"16\"\/>\n\t\t        \t\t<\/svg>\n\t\t        \t<\/span>\n\t\t        <\/button>\n\t\t    \t\t\t        \n\t\t        <button>\n\t\t        \t<span class=\"bdt-news-ticker-arrow bdt-news-ticker-next bdt-icon\">\n\t\t        \t\t<svg width=\"20\" height=\"20\" viewbox=\"0 0 20 20\" xmlns=\"http:\/\/www.w3.org\/2000\/svg\" data-svg=\"chevron-right\">\n\t\t        \t\t\t<polyline fill=\"none\" stroke=\"#000\" stroke-width=\"1.03\" points=\"7 4 13 10 7 16\"><\/polyline>\n\t\t        \t\t<\/svg>\n\t\t        \t<\/span>\n\t\t        <\/button>\n\n\t\t    <\/div>\n\n\t\t\t\t\t<\/div>\n\t\t\n\t\t\t\t\t\t<\/div>\n\t\t\t\t<\/div>\n\t\t\t\t\t<\/div>\n\t\t<\/div>\n\t\t\t\t\t<\/div>\n\t\t<\/section>\n\t\t\t\t<section class=\"elementor-section elementor-top-section elementor-element elementor-element-096c0bc elementor-section-boxed elementor-section-height-default elementor-section-height-default\" data-id=\"096c0bc\" data-element_type=\"section\" data-e-type=\"section\">\n\t\t\t\t\t\t<div class=\"elementor-container elementor-column-gap-default\">\n\t\t\t\t\t<div class=\"elementor-column elementor-col-100 elementor-top-column elementor-element elementor-element-d543761\" data-id=\"d543761\" data-element_type=\"column\" data-e-type=\"column\">\n\t\t\t<div class=\"elementor-widget-wrap elementor-element-populated\">\n\t\t\t\t\t\t<div class=\"elementor-element elementor-element-fd06c43 elementor-widget elementor-widget-bdt-post-block-modern\" data-id=\"fd06c43\" data-element_type=\"widget\" data-e-type=\"widget\" data-widget_type=\"bdt-post-block-modern.default\">\n\t\t\t\t<div class=\"elementor-widget-container\">\n\t\t\t\t\t\t\t\t<div id=\"bdtpbm_69e17d4370f2c\" class=\"bdt-post-block-modern bdt-grid bdt-grid-match bdt-grid-collapse\" data-bdt-grid=\"\">\n\n\t\t\t\t\n\t\t\t\t  \t\t<div class=\"bdt-width-3-5@m\">\n\t\t\t\t  \t\t\t<div class=\"bdt-post-block-modern-item left-part bdt-position-relative\" style=\"background-image: url(https:\/\/powerlightfund.com\/wp-content\/uploads\/2020\/10\/blog-1024x576.jpg)\">\n\t\t\t\t\t\t  \t\t\n\t\t\t\t\t\t  \t\t<div class=\"bdt-post-block-modern-desc bdt-position-bottom-center bdt-position-z-index bdt-width-2-3@m\">\n\n\t\t\t\t\t            \t\n\t\t\t\t\t\t\t\t\t\t\n\t\t\t\t\t\t\t\t\t\t<div class=\"bdt-post-block-modern-meta bdt-subnav bdt-flex-middle bdt-flex-center\"><span>10\/28\/2020<\/span><span><a href=\"https:\/\/powerlightfund.com\/pt_br\/news\/\" rel=\"category tag\">News<\/a><\/span><\/div>\n\n\t\t\t\t\t\t\t\t\t\n\t\t\t\t\t\t\t\t\t\t\t\t\t\t\t\t\t\t\t<h4 class=\"bdt-post-block-modern-title\">\n\t\t\t\t\t\t\t\t\t\t\t<a href=\"https:\/\/powerlightfund.com\/pt_br\/government-of-sp-and-emae-open-call-for-floating-solar-at-billings\/\" class=\"bdt-link-reset\" title=\"Government of SP and Emae open call for floating solar at Billings\">Government of SP and Emae open call for floating solar at Billings<\/a>\n\t\t\t\t\t\t\t\t\t\t<\/h4>\n\t\t\t\t\t\t\t\t\t\n\t\t\t\t\t\t\t\t\t\t\t<div class=\"bdt-post-block-modern-excerpt\">\n\t\t\t<p>The State Government of S\u00e3o Paulo, through Emae, opens this Tuesday, October 6, a public<\/p>\n\t\t<\/div>\n\t\t\n\t\t\t\t\t\t  \t\t<\/div>\n\t\t\t\t\t\t  \t\t<div class=\"bdt-position-cover bdt-overlay-gradient\"><\/div>\n\n\t\t\t\t\t\t\t<\/div>\n\t\t\t\t\t\t<\/div>\n\n\t\t\t\t  \t\t<div class=\"bdt-width-2-5@m right-part-wrapper\">\n\t\t\t\t\t\t\t\t  \n\t\t\t\t\t\t\t  \t\t\t<div class=\"bdt-post-block-modern-item right-part\">\n\t\t\t\t\t  \t\t<div class=\"bdt-post-block-modern-desc\">\n\n\t\t\t\t\t\t\t\t\t\t\t\t\t\t\t\t\t\t\t\t\t\t\t\t\t\t\n\t\t\t\t\t\t\t\t\t<div class=\"bdt-post-block-modern-meta bdt-subnav\"><span>10\/28\/2020<\/span><span><a href=\"https:\/\/powerlightfund.com\/pt_br\/news\/\" rel=\"category tag\">News<\/a><\/span><\/div>\n\t\t\t\t\t\t\t\t\n\t\t\t\t\t\t\t\t\t\t\t\t\t\t\t\t\t<h4 class=\"bdt-post-block-modern-title\">\n\t\t\t\t\t\t\t\t\t\t<a href=\"https:\/\/powerlightfund.com\/pt_br\/northeast-of-brazil-generates-record-wind-energy-production-and-has-enough-to-supply-the-entire-region\/\" class=\"bdt-link-reset\" title=\"Northeast of Brazil generates record wind energy production and has enough to supply the entire region\">Northeast of Brazil generates record wind energy production and has enough to supply the entire region<\/a>\n\t\t\t\t\t\t\t\t\t<\/h4>\n\t\t\t\t\t\t\t\t\n\t\t\t\t\t\t\t\t\t\t<div class=\"bdt-post-block-modern-excerpt\">\n\t\t\t<p>In the second semester the northeast of brazil is home to the 'harvest of the<\/p>\n\t\t<\/div>\n\t\t\n\t\t\t\t\t\t\t\t\t\t\t\t\t\t\t\t\t<a href=\"https:\/\/powerlightfund.com\/pt_br\/northeast-of-brazil-generates-record-wind-energy-production-and-has-enough-to-supply-the-entire-region\/\" class=\"bdt-post-block-modern-read-more bdt-link-reset elementor-animation-shrink\">Leia Mais\t\t\t\t\t\t\t\t\t\t\n\t\t\t\t\t\t\t\t\t\t\n\t\t\t\t\t\t\t\t\t<\/a>\n\t\t\t\t\t\t\t\t\n\t\t\t\t\t  \t\t<\/div>\n\n\t\t\t\t\t\t<\/div>\n\t\t\t\t\t\t\t\t  \n\t\t\t\t\t\t\t  \t\t\t<div class=\"bdt-post-block-modern-item right-part\">\n\t\t\t\t\t  \t\t<div class=\"bdt-post-block-modern-desc\">\n\n\t\t\t\t\t\t\t\t\t\t\t\t\t\t\t\t\t\t\t\t\t\t\t\t\t\t\n\t\t\t\t\t\t\t\t\t<div class=\"bdt-post-block-modern-meta bdt-subnav\"><span>10\/28\/2020<\/span><span><a href=\"https:\/\/powerlightfund.com\/pt_br\/news\/\" rel=\"category tag\">News<\/a><\/span><\/div>\n\t\t\t\t\t\t\t\t\n\t\t\t\t\t\t\t\t\t\t\t\t\t\t\t\t\t<h4 class=\"bdt-post-block-modern-title\">\n\t\t\t\t\t\t\t\t\t\t<a href=\"https:\/\/powerlightfund.com\/pt_br\/brazil-is-ranked-second-in-renewable-investment-ranking\/\" class=\"bdt-link-reset\" title=\"Brazil is ranked second in renewable investment ranking\">Brazil is ranked second in renewable investment ranking<\/a>\n\t\t\t\t\t\t\t\t\t<\/h4>\n\t\t\t\t\t\t\t\t\n\t\t\t\t\t\t\t\t\t\t<div class=\"bdt-post-block-modern-excerpt\">\n\t\t\t<p>Survey conducted by the British Business Energy places the country behind only the United States<\/p>\n\t\t<\/div>\n\t\t\n\t\t\t\t\t\t\t\t\t\t\t\t\t\t\t\t\t<a href=\"https:\/\/powerlightfund.com\/pt_br\/brazil-is-ranked-second-in-renewable-investment-ranking\/\" class=\"bdt-post-block-modern-read-more bdt-link-reset elementor-animation-shrink\">Leia Mais\t\t\t\t\t\t\t\t\t\t\n\t\t\t\t\t\t\t\t\t\t\n\t\t\t\t\t\t\t\t\t<\/a>\n\t\t\t\t\t\t\t\t\n\t\t\t\t\t  \t\t<\/div>\n\n\t\t\t\t\t\t<\/div>\n\t\t\t\t\t\t\t\t  \n\t\t\t\t\n\t\t\t\t<\/div>\n\t\t\n\t\t\t<\/div>\n\t\t\n\t\t \t\n \t\t\t\t\t\t<\/div>\n\t\t\t\t<\/div>\n\t\t\t\t\t<\/div>\n\t\t<\/div>\n\t\t\t\t\t<\/div>\n\t\t<\/section>\n\t\t\t\t<\/div>","protected":false},"excerpt":{"rendered":"<p>BREAKING NEWS Brasil \u00e9 listado como segundo em ranking de investimento em renov\u00e1veis Nordeste gera recorde de produ\u00e7\u00e3o de energia e\u00f3lica e tem o suficiente para abastecer toda a regi\u00e3o Governo de SP e Emae abrem chamada para solar flutuante na Billings 7 de outubro de 2020Not\u00edcias Brasil \u00e9 listado como segundo em ranking de&hellip;<\/p>","protected":false},"author":1,"featured_media":0,"parent":0,"menu_order":0,"comment_status":"closed","ping_status":"closed","template":"","meta":{"footnotes":""},"class_list":["post-337","page","type-page","status-publish","hentry","category-7","description-off"],"_links":{"self":[{"href":"https:\/\/powerlightfund.com\/pt_br\/wp-json\/wp\/v2\/pages\/337","targetHints":{"allow":["GET"]}}],"collection":[{"href":"https:\/\/powerlightfund.com\/pt_br\/wp-json\/wp\/v2\/pages"}],"about":[{"href":"https:\/\/powerlightfund.com\/pt_br\/wp-json\/wp\/v2\/types\/page"}],"author":[{"embeddable":true,"href":"https:\/\/powerlightfund.com\/pt_br\/wp-json\/wp\/v2\/users\/1"}],"replies":[{"embeddable":true,"href":"https:\/\/powerlightfund.com\/pt_br\/wp-json\/wp\/v2\/comments?post=337"}],"version-history":[{"count":8,"href":"https:\/\/powerlightfund.com\/pt_br\/wp-json\/wp\/v2\/pages\/337\/revisions"}],"predecessor-version":[{"id":711,"href":"https:\/\/powerlightfund.com\/pt_br\/wp-json\/wp\/v2\/pages\/337\/revisions\/711"}],"wp:attachment":[{"href":"https:\/\/powerlightfund.com\/pt_br\/wp-json\/wp\/v2\/media?parent=337"}],"curies":[{"name":"wp","href":"https:\/\/api.w.org\/{rel}","templated":true}]}}