{"id":254,"date":"2020-10-11T14:17:11","date_gmt":"2020-10-11T17:17:11","guid":{"rendered":"https:\/\/powerlightfund.com\/?page_id=254"},"modified":"2022-08-05T03:10:45","modified_gmt":"2022-08-04T22:10:45","slug":"about","status":"publish","type":"page","link":"https:\/\/powerlightfund.com\/pt_br\/about\/","title":{"rendered":"Quem somos"},"content":{"rendered":"<div data-elementor-type=\"wp-page\" data-elementor-id=\"254\" class=\"elementor elementor-254\" data-elementor-post-type=\"page\">\n\t\t\t\t\t\t<section class=\"elementor-section elementor-top-section elementor-element elementor-element-d66499c elementor-section-height-min-height elementor-section-boxed elementor-section-height-default elementor-section-items-middle\" data-id=\"d66499c\" data-element_type=\"section\" data-e-type=\"section\">\n\t\t\t\t\t\t<div class=\"elementor-container elementor-column-gap-default\">\n\t\t\t\t\t<div class=\"elementor-column elementor-col-100 elementor-top-column elementor-element elementor-element-4fadeb8\" data-id=\"4fadeb8\" data-element_type=\"column\" data-e-type=\"column\">\n\t\t\t<div class=\"elementor-widget-wrap elementor-element-populated\">\n\t\t\t\t\t\t<div class=\"elementor-element elementor-element-3394a72 elementor-widget elementor-widget-bdt-advanced-heading\" data-id=\"3394a72\" data-element_type=\"widget\" data-e-type=\"widget\" data-widget_type=\"bdt-advanced-heading.default\">\n\t\t\t\t<div class=\"elementor-widget-container\">\n\t\t\t\t\t<div id =\"3394a72\" class=\"bdt-advanced-heading\" data-settings=\"{&quot;titleMultiColor&quot;:&quot;no&quot;}\"><div class=\"bdt-sub-heading\"><div class=\"bdt-sub-heading-content\">QUEM SOMOS<\/div><div class=\"line bdt-button-icon-align-right\"><\/div><\/div> <h2 class=\"bdt-heading-title\"><span class=\"bdt-main-heading\"><span class=\"bdt-main-heading-inner\">Power Light Fund<\/span><span class=\"bdt-mainh-split-text\">Somos um fundo americano de investimentos, fundado em 2019, com foco em ativos de energia. Uma companhia inteligente que visa al\u00e9m do investimento de capital, a cria\u00e7\u00e3o de oportunidades e solu\u00e7\u00f5es estrat\u00e9gicas com foco em resultados a m\u00e9dio e longo prazo, valendo-se da intelig\u00eancia, responsabilidade e desenvolvimento sustent\u00e1vel.\n<br><br>\nTrabalhamos com uma equipe multidisciplinar e experiente em diversos projetos de energia e infraestrutura na am\u00e9rica latina e nos EUA. Nossas \u00e1reas de interesse s\u00e3o projetos nos segmentos de gera\u00e7\u00e3o, transmiss\u00e3o e comercializa\u00e7\u00e3o de energia.<\/span><\/span><\/h2><\/div>\t\t\t\t<\/div>\n\t\t\t\t<\/div>\n\t\t\t\t\t<\/div>\n\t\t<\/div>\n\t\t\t\t\t<\/div>\n\t\t<\/section>\n\t\t\t\t<section class=\"elementor-section elementor-top-section elementor-element elementor-element-2702ac8 elementor-section-height-min-height elementor-section-stretched elementor-section-boxed elementor-section-height-default elementor-section-items-middle\" data-id=\"2702ac8\" data-element_type=\"section\" data-e-type=\"section\" data-settings=\"{&quot;stretch_section&quot;:&quot;section-stretched&quot;,&quot;background_background&quot;:&quot;classic&quot;}\">\n\t\t\t\t\t\t\t<div class=\"elementor-background-overlay\"><\/div>\n\t\t\t\t\t\t\t<div class=\"elementor-container elementor-column-gap-default\">\n\t\t\t\t\t<div class=\"elementor-column elementor-col-100 elementor-top-column elementor-element elementor-element-0d834ea\" data-id=\"0d834ea\" data-element_type=\"column\" data-e-type=\"column\">\n\t\t\t<div class=\"elementor-widget-wrap elementor-element-populated\">\n\t\t\t\t\t\t<div class=\"elementor-element elementor-element-5168309 elementor-widget elementor-widget-bdt-advanced-heading\" data-id=\"5168309\" data-element_type=\"widget\" data-e-type=\"widget\" data-widget_type=\"bdt-advanced-heading.default\">\n\t\t\t\t<div class=\"elementor-widget-container\">\n\t\t\t\t\t<div id =\"5168309\" class=\"bdt-advanced-heading\" data-settings=\"{&quot;titleMultiColor&quot;:&quot;no&quot;}\"><div class=\"bdt-advanced-heading-content bdt-visible@m\"><div class=\"bdt-transform-origin-top-left\">NOSSO DNA<\/div><\/div><div class=\"bdt-sub-heading\"><div class=\"bdt-sub-heading-content\">DNA<\/div><\/div> <h2 class=\"bdt-heading-title\"><span class=\"bdt-main-heading\"><span class=\"bdt-main-heading-inner\">O Sucesso est\u00e1 em nosso DNA<\/span><\/span><\/h2><\/div>\t\t\t\t<\/div>\n\t\t\t\t<\/div>\n\t\t\t\t\t<\/div>\n\t\t<\/div>\n\t\t\t\t\t<\/div>\n\t\t<\/section>\n\t\t\t\t<section class=\"elementor-section elementor-top-section elementor-element elementor-element-96b5bc5 elementor-section-height-min-height elementor-section-boxed elementor-section-height-default elementor-section-items-middle\" data-id=\"96b5bc5\" data-element_type=\"section\" data-e-type=\"section\">\n\t\t\t\t\t\t<div class=\"elementor-container elementor-column-gap-default\">\n\t\t\t\t\t<div class=\"elementor-column elementor-col-50 elementor-top-column elementor-element elementor-element-cc2213b\" data-id=\"cc2213b\" data-element_type=\"column\" data-e-type=\"column\">\n\t\t\t<div class=\"elementor-widget-wrap elementor-element-populated\">\n\t\t\t\t\t\t<div class=\"elementor-element elementor-element-05773f7 elementor-view-default elementor-widget elementor-widget-icon\" data-id=\"05773f7\" data-element_type=\"widget\" data-e-type=\"widget\" data-widget_type=\"icon.default\">\n\t\t\t\t<div class=\"elementor-widget-container\">\n\t\t\t\t\t\t\t<div class=\"elementor-icon-wrapper\">\n\t\t\t<div class=\"elementor-icon\">\n\t\t\t<i aria-hidden=\"true\" class=\"fas fa-flag-checkered\"><\/i>\t\t\t<\/div>\n\t\t<\/div>\n\t\t\t\t\t\t<\/div>\n\t\t\t\t<\/div>\n\t\t\t\t<div class=\"elementor-element elementor-element-79058a6 elementor-widget elementor-widget-bdt-advanced-heading\" data-id=\"79058a6\" data-element_type=\"widget\" data-e-type=\"widget\" data-widget_type=\"bdt-advanced-heading.default\">\n\t\t\t\t<div class=\"elementor-widget-container\">\n\t\t\t\t\t<div id =\"79058a6\" class=\"bdt-advanced-heading\" data-settings=\"{&quot;titleMultiColor&quot;:&quot;no&quot;}\"><div class=\"bdt-sub-heading\"><div class=\"bdt-sub-heading-content\">MISS\u00c3O<\/div><div class=\"line bdt-button-icon-align-right\"><\/div><\/div> <h2 class=\"bdt-heading-title\"><span class=\"bdt-main-heading\"><span class=\"bdt-main-heading-inner\">Nosso Compromisso<\/span><span class=\"bdt-mainh-split-text\">Ser um fundo de investimentos, exige mais do que dinheiro, exige experi\u00eancia, proatividade e vis\u00e3o estrat\u00e9gica. Nossos investimentos v\u00e3o al\u00e9m dos resultados financeiros. Buscamos continuamente oportunidades que atendam os mais altos padr\u00f5es de governan\u00e7a, responsabilidade social e ambiental.<\/span><\/span><\/h2><\/div>\t\t\t\t<\/div>\n\t\t\t\t<\/div>\n\t\t\t\t\t<\/div>\n\t\t<\/div>\n\t\t\t\t<div class=\"elementor-column elementor-col-50 elementor-top-column elementor-element elementor-element-be1795c\" data-id=\"be1795c\" data-element_type=\"column\" data-e-type=\"column\">\n\t\t\t<div class=\"elementor-widget-wrap elementor-element-populated\">\n\t\t\t\t\t\t<div class=\"elementor-element elementor-element-1043b39 elementor-view-default elementor-widget elementor-widget-icon\" data-id=\"1043b39\" data-element_type=\"widget\" data-e-type=\"widget\" data-widget_type=\"icon.default\">\n\t\t\t\t<div class=\"elementor-widget-container\">\n\t\t\t\t\t\t\t<div class=\"elementor-icon-wrapper\">\n\t\t\t<div class=\"elementor-icon\">\n\t\t\t<i aria-hidden=\"true\" class=\"far fa-eye\"><\/i>\t\t\t<\/div>\n\t\t<\/div>\n\t\t\t\t\t\t<\/div>\n\t\t\t\t<\/div>\n\t\t\t\t<div class=\"elementor-element elementor-element-03b1946 elementor-widget elementor-widget-bdt-advanced-heading\" data-id=\"03b1946\" data-element_type=\"widget\" data-e-type=\"widget\" data-widget_type=\"bdt-advanced-heading.default\">\n\t\t\t\t<div class=\"elementor-widget-container\">\n\t\t\t\t\t<div id =\"03b1946\" class=\"bdt-advanced-heading\" data-settings=\"{&quot;titleMultiColor&quot;:&quot;no&quot;}\"><div class=\"bdt-sub-heading\"><div class=\"bdt-sub-heading-content\">VIS\u00c3O<\/div><div class=\"line bdt-button-icon-align-right\"><\/div><\/div> <h2 class=\"bdt-heading-title\"><span class=\"bdt-main-heading\"><span class=\"bdt-main-heading-inner\">Nossa Perspectiva<\/span><span class=\"bdt-mainh-split-text\">Com um time de larga experi\u00eancia internacional no setor el\u00e9trico, buscamos entregar resultados diferenciados para nossos investidores. A partir da escolha criteriosa das melhores oportunidades de mercado. Sendo uma refer\u00eancia nas pr\u00e1ticas de mercado.  <\/span><\/span><\/h2><\/div>\t\t\t\t<\/div>\n\t\t\t\t<\/div>\n\t\t\t\t\t<\/div>\n\t\t<\/div>\n\t\t\t\t\t<\/div>\n\t\t<\/section>\n\t\t\t\t<section class=\"elementor-section elementor-top-section elementor-element elementor-element-94cef07 elementor-section-boxed elementor-section-height-default elementor-section-height-default\" data-id=\"94cef07\" data-element_type=\"section\" data-e-type=\"section\">\n\t\t\t\t\t\t<div class=\"elementor-container elementor-column-gap-default\">\n\t\t\t\t\t<div class=\"elementor-column elementor-col-100 elementor-top-column elementor-element elementor-element-8d5317d\" data-id=\"8d5317d\" data-element_type=\"column\" data-e-type=\"column\">\n\t\t\t<div class=\"elementor-widget-wrap elementor-element-populated\">\n\t\t\t\t\t\t<div class=\"elementor-element elementor-element-1c4c810 elementor-view-default elementor-widget elementor-widget-icon\" data-id=\"1c4c810\" data-element_type=\"widget\" data-e-type=\"widget\" data-widget_type=\"icon.default\">\n\t\t\t\t<div class=\"elementor-widget-container\">\n\t\t\t\t\t\t\t<div class=\"elementor-icon-wrapper\">\n\t\t\t<div class=\"elementor-icon\">\n\t\t\t<i aria-hidden=\"true\" class=\"far fa-gem\"><\/i>\t\t\t<\/div>\n\t\t<\/div>\n\t\t\t\t\t\t<\/div>\n\t\t\t\t<\/div>\n\t\t\t\t\t<\/div>\n\t\t<\/div>\n\t\t\t\t\t<\/div>\n\t\t<\/section>\n\t\t\t\t<section class=\"elementor-section elementor-top-section elementor-element elementor-element-bbe4c45 elementor-section-boxed elementor-section-height-default elementor-section-height-default\" data-id=\"bbe4c45\" data-element_type=\"section\" data-e-type=\"section\">\n\t\t\t\t\t\t<div class=\"elementor-container elementor-column-gap-default\">\n\t\t\t\t\t<div class=\"elementor-column elementor-col-100 elementor-top-column elementor-element elementor-element-3798d1b\" data-id=\"3798d1b\" data-element_type=\"column\" data-e-type=\"column\">\n\t\t\t<div class=\"elementor-widget-wrap elementor-element-populated\">\n\t\t\t\t\t\t<div class=\"elementor-element elementor-element-e48c962 elementor-widget elementor-widget-bdt-advanced-heading\" data-id=\"e48c962\" data-element_type=\"widget\" data-e-type=\"widget\" data-widget_type=\"bdt-advanced-heading.default\">\n\t\t\t\t<div class=\"elementor-widget-container\">\n\t\t\t\t\t<div id =\"e48c962\" class=\"bdt-advanced-heading\" data-settings=\"{&quot;titleMultiColor&quot;:&quot;no&quot;}\"><div class=\"bdt-sub-heading\"><div class=\"bdt-sub-heading-content\">VALORES<\/div><div class=\"line bdt-button-icon-align-right\"><\/div><\/div> <h2 class=\"bdt-heading-title\"><span class=\"bdt-main-heading\"><span class=\"bdt-main-heading-inner\">Nossos Princ\u00edpios<br><\/span><span class=\"bdt-mainh-split-text\">Foco, Intelig\u00eancia, Agilidade e Sustentabilidade.<\/span><\/span><\/h2><\/div>\t\t\t\t<\/div>\n\t\t\t\t<\/div>\n\t\t\t\t\t<\/div>\n\t\t<\/div>\n\t\t\t\t\t<\/div>\n\t\t<\/section>\n\t\t\t\t<section class=\"elementor-section elementor-top-section elementor-element elementor-element-89add03 elementor-section-boxed elementor-section-height-default elementor-section-height-default\" data-id=\"89add03\" data-element_type=\"section\" data-e-type=\"section\">\n\t\t\t\t\t\t<div class=\"elementor-container elementor-column-gap-default\">\n\t\t\t\t\t<div class=\"elementor-column elementor-col-100 elementor-top-column elementor-element elementor-element-b6ce20f\" data-id=\"b6ce20f\" data-element_type=\"column\" data-e-type=\"column\">\n\t\t\t<div class=\"elementor-widget-wrap elementor-element-populated\">\n\t\t\t\t\t\t<div class=\"elementor-element elementor-element-7502b69 elementor-widget-divider--view-line elementor-widget elementor-widget-divider\" data-id=\"7502b69\" data-element_type=\"widget\" data-e-type=\"widget\" data-widget_type=\"divider.default\">\n\t\t\t\t<div class=\"elementor-widget-container\">\n\t\t\t\t\t\t\t<div class=\"elementor-divider\">\n\t\t\t<span class=\"elementor-divider-separator\">\n\t\t\t\t\t\t<\/span>\n\t\t<\/div>\n\t\t\t\t\t\t<\/div>\n\t\t\t\t<\/div>\n\t\t\t\t<div class=\"elementor-element elementor-element-1cc4a59 elementor-widget elementor-widget-bdt-advanced-heading\" data-id=\"1cc4a59\" data-element_type=\"widget\" data-e-type=\"widget\" data-widget_type=\"bdt-advanced-heading.default\">\n\t\t\t\t<div class=\"elementor-widget-container\">\n\t\t\t\t\t<div id =\"1cc4a59\" class=\"bdt-advanced-heading\" data-settings=\"{&quot;titleMultiColor&quot;:&quot;no&quot;}\"><h2 class=\"bdt-heading-title\"><span class=\"bdt-main-heading\"><span class=\"bdt-main-heading-inner\">Subsidiaries<br><\/span><span class=\"bdt-mainh-split-text\">Power Light | Services, Partners and Management<\/span><\/span><\/h2><\/div>\t\t\t\t<\/div>\n\t\t\t\t<\/div>\n\t\t\t\t\t<\/div>\n\t\t<\/div>\n\t\t\t\t\t<\/div>\n\t\t<\/section>\n\t\t\t\t<section class=\"elementor-section elementor-top-section elementor-element elementor-element-315f6f7 elementor-section-boxed elementor-section-height-default elementor-section-height-default\" data-id=\"315f6f7\" data-element_type=\"section\" data-e-type=\"section\">\n\t\t\t\t\t\t<div class=\"elementor-container elementor-column-gap-default\">\n\t\t\t\t\t<div class=\"elementor-column elementor-col-33 elementor-top-column elementor-element elementor-element-a1b65dd\" data-id=\"a1b65dd\" data-element_type=\"column\" data-e-type=\"column\">\n\t\t\t<div class=\"elementor-widget-wrap elementor-element-populated\">\n\t\t\t\t\t\t<div class=\"elementor-element elementor-element-b38ddbd elementor-widget elementor-widget-image\" data-id=\"b38ddbd\" data-element_type=\"widget\" data-e-type=\"widget\" data-widget_type=\"image.default\">\n\t\t\t\t<div class=\"elementor-widget-container\">\n\t\t\t\t\t\t\t\t\t\t\t\t\t\t\t<img fetchpriority=\"high\" decoding=\"async\" width=\"1024\" height=\"1024\" src=\"https:\/\/powerlightfund.com\/wp-content\/uploads\/2022\/08\/power-light.svg\" class=\"attachment-large size-large wp-image-958\" alt=\"powerlight services\" srcset=\"https:\/\/powerlightfund.com\/wp-content\/uploads\/\/2022\/08\/power-light.svg 150w, https:\/\/powerlightfund.com\/wp-content\/uploads\/\/2022\/08\/power-light.svg 300w, https:\/\/powerlightfund.com\/wp-content\/uploads\/\/2022\/08\/power-light.svg 1024w\" sizes=\"(max-width: 1024px) 100vw, 1024px\" \/>\t\t\t\t\t\t\t\t\t\t\t\t\t\t\t<\/div>\n\t\t\t\t<\/div>\n\t\t\t\t\t<\/div>\n\t\t<\/div>\n\t\t\t\t<div class=\"elementor-column elementor-col-33 elementor-top-column elementor-element elementor-element-c706a4e\" data-id=\"c706a4e\" data-element_type=\"column\" data-e-type=\"column\">\n\t\t\t<div class=\"elementor-widget-wrap elementor-element-populated\">\n\t\t\t\t\t\t<div class=\"elementor-element elementor-element-f7340ba elementor-widget elementor-widget-image\" data-id=\"f7340ba\" data-element_type=\"widget\" data-e-type=\"widget\" data-widget_type=\"image.default\">\n\t\t\t\t<div class=\"elementor-widget-container\">\n\t\t\t\t\t\t\t\t\t\t\t\t\t\t\t<img decoding=\"async\" width=\"1024\" height=\"1024\" src=\"https:\/\/powerlightfund.com\/wp-content\/uploads\/2022\/08\/partners.svg\" class=\"attachment-large size-large wp-image-966\" alt=\"partners\" srcset=\"https:\/\/powerlightfund.com\/wp-content\/uploads\/\/2022\/08\/partners.svg 150w, https:\/\/powerlightfund.com\/wp-content\/uploads\/\/2022\/08\/partners.svg 300w, https:\/\/powerlightfund.com\/wp-content\/uploads\/\/2022\/08\/partners.svg 1024w\" sizes=\"(max-width: 1024px) 100vw, 1024px\" \/>\t\t\t\t\t\t\t\t\t\t\t\t\t\t\t<\/div>\n\t\t\t\t<\/div>\n\t\t\t\t\t<\/div>\n\t\t<\/div>\n\t\t\t\t<div class=\"elementor-column elementor-col-33 elementor-top-column elementor-element elementor-element-1172f70\" data-id=\"1172f70\" data-element_type=\"column\" data-e-type=\"column\">\n\t\t\t<div class=\"elementor-widget-wrap elementor-element-populated\">\n\t\t\t\t\t\t<div class=\"elementor-element elementor-element-97096de elementor-widget elementor-widget-image\" data-id=\"97096de\" data-element_type=\"widget\" data-e-type=\"widget\" data-widget_type=\"image.default\">\n\t\t\t\t<div class=\"elementor-widget-container\">\n\t\t\t\t\t\t\t\t\t\t\t\t\t\t\t<img decoding=\"async\" width=\"1024\" height=\"1024\" src=\"https:\/\/powerlightfund.com\/wp-content\/uploads\/2022\/08\/management.svg\" class=\"attachment-large size-large wp-image-965\" alt=\"powerlight\" srcset=\"https:\/\/powerlightfund.com\/wp-content\/uploads\/\/2022\/08\/management.svg 150w, https:\/\/powerlightfund.com\/wp-content\/uploads\/\/2022\/08\/management.svg 300w, https:\/\/powerlightfund.com\/wp-content\/uploads\/\/2022\/08\/management.svg 1024w\" sizes=\"(max-width: 1024px) 100vw, 1024px\" \/>\t\t\t\t\t\t\t\t\t\t\t\t\t\t\t<\/div>\n\t\t\t\t<\/div>\n\t\t\t\t\t<\/div>\n\t\t<\/div>\n\t\t\t\t\t<\/div>\n\t\t<\/section>\n\t\t\t\t<\/div>","protected":false},"excerpt":{"rendered":"<p>ABOUT US Power Light FundWe are an American investment fund, founded in 2019, focused on energy assets. A smart company that seeks, in addition to capital investment, the creation of opportunities and strategic solutions to reach medium and long-term results, using intelligence, responsibility and sustainable development. We work with a multidisciplinary and experienced team in&hellip;<\/p>","protected":false},"author":1,"featured_media":0,"parent":0,"menu_order":0,"comment_status":"closed","ping_status":"closed","template":"","meta":{"footnotes":""},"class_list":["post-254","page","type-page","status-publish","hentry"],"_links":{"self":[{"href":"https:\/\/powerlightfund.com\/pt_br\/wp-json\/wp\/v2\/pages\/254","targetHints":{"allow":["GET"]}}],"collection":[{"href":"https:\/\/powerlightfund.com\/pt_br\/wp-json\/wp\/v2\/pages"}],"about":[{"href":"https:\/\/powerlightfund.com\/pt_br\/wp-json\/wp\/v2\/types\/page"}],"author":[{"embeddable":true,"href":"https:\/\/powerlightfund.com\/pt_br\/wp-json\/wp\/v2\/users\/1"}],"replies":[{"embeddable":true,"href":"https:\/\/powerlightfund.com\/pt_br\/wp-json\/wp\/v2\/comments?post=254"}],"version-history":[{"count":67,"href":"https:\/\/powerlightfund.com\/pt_br\/wp-json\/wp\/v2\/pages\/254\/revisions"}],"predecessor-version":[{"id":982,"href":"https:\/\/powerlightfund.com\/pt_br\/wp-json\/wp\/v2\/pages\/254\/revisions\/982"}],"wp:attachment":[{"href":"https:\/\/powerlightfund.com\/pt_br\/wp-json\/wp\/v2\/media?parent=254"}],"curies":[{"name":"wp","href":"https:\/\/api.w.org\/{rel}","templated":true}]}}